{"id":1303,"date":"2024-06-26T19:04:58","date_gmt":"2024-06-26T19:04:58","guid":{"rendered":"https:\/\/paripesa-ghana.com\/accueil\/"},"modified":"2026-04-08T18:24:00","modified_gmt":"2026-04-08T18:24:00","slug":"home","status":"publish","type":"page","link":"https:\/\/paripesa-ghana.com\/fr-tg\/","title":{"rendered":"Accueil"},"content":{"rendered":"\n<h1 class=\"wp-block-heading\"><span class=\"ez-toc-section\" id=\"Telecharger_Paripesa_Togo_%E2%80%93_Application_et_Guide_Complet_Informations_interessantes_et_faits\"><\/span>T\u00e9l\u00e9charger Paripesa Togo \u2013 Application et Guide Complet. Informations int\u00e9ressantes et faits.<span class=\"ez-toc-section-end\"><\/span><\/h1>\n\n\n\n<p>La maison de paris <strong>Paripesa Togo<\/strong> est une soci\u00e9t\u00e9 de paris qui propose \u00e0 ses utilisateurs non seulement de parier sur des \u00e9v\u00e9nements sportifs, mais aussi de profiter d&#8217;un casino en ligne en misant sur des machines \u00e0 sous et des jeux t\u00e9l\u00e9vis\u00e9s. La soci\u00e9t\u00e9 accepte les paris des citoyens majeurs du monde entier, \u00e0 l&#8217;exception des participants aux \u00e9v\u00e9nements sur lesquels les paris sont pris, des repr\u00e9sentants d&#8217;autres bookmakers et des personnes auxquelles le jeu est interdit par la loi.<\/p><div id=\"ez-toc-container\" class=\"ez-toc-v2_0_82_2 counter-hierarchy ez-toc-counter ez-toc-custom ez-toc-container-direction\">\n<p class=\"ez-toc-title\" style=\"cursor:inherit\">Table of Contents<\/p>\n<label for=\"ez-toc-cssicon-toggle-item-69f0d101aea52\" class=\"ez-toc-cssicon-toggle-label\"><span class=\"ez-toc-cssicon\"><span class=\"eztoc-hide\" style=\"display:none;\">Toggle<\/span><span class=\"ez-toc-icon-toggle-span\"><svg style=\"fill: #ffffff;color:#ffffff\" xmlns=\"http:\/\/www.w3.org\/2000\/svg\" class=\"list-377408\" width=\"20px\" height=\"20px\" viewBox=\"0 0 24 24\" fill=\"none\"><path d=\"M6 6H4v2h2V6zm14 0H8v2h12V6zM4 11h2v2H4v-2zm16 0H8v2h12v-2zM4 16h2v2H4v-2zm16 0H8v2h12v-2z\" fill=\"currentColor\"><\/path><\/svg><svg style=\"fill: #ffffff;color:#ffffff\" class=\"arrow-unsorted-368013\" xmlns=\"http:\/\/www.w3.org\/2000\/svg\" width=\"10px\" height=\"10px\" viewBox=\"0 0 24 24\" version=\"1.2\" baseProfile=\"tiny\"><path d=\"M18.2 9.3l-6.2-6.3-6.2 6.3c-.2.2-.3.4-.3.7s.1.5.3.7c.2.2.4.3.7.3h11c.3 0 .5-.1.7-.3.2-.2.3-.5.3-.7s-.1-.5-.3-.7zM5.8 14.7l6.2 6.3 6.2-6.3c.2-.2.3-.5.3-.7s-.1-.5-.3-.7c-.2-.2-.4-.3-.7-.3h-11c-.3 0-.5.1-.7.3-.2.2-.3.5-.3.7s.1.5.3.7z\"\/><\/svg><\/span><\/span><\/label><input type=\"checkbox\"  id=\"ez-toc-cssicon-toggle-item-69f0d101aea52\"  aria-label=\"Toggle\" \/><nav><ul class='ez-toc-list ez-toc-list-level-1 ' ><li class='ez-toc-page-1 ez-toc-heading-level-1'><a class=\"ez-toc-link ez-toc-heading-1\" href=\"https:\/\/paripesa-ghana.com\/fr-tg\/#Telecharger_Paripesa_Togo_%E2%80%93_Application_et_Guide_Complet_Informations_interessantes_et_faits\" >T\u00e9l\u00e9charger Paripesa Togo \u2013 Application et Guide Complet. Informations int\u00e9ressantes et faits.<\/a><ul class='ez-toc-list-level-2' ><li class='ez-toc-heading-level-2'><a class=\"ez-toc-link ez-toc-heading-2\" href=\"https:\/\/paripesa-ghana.com\/fr-tg\/#Comment_Telecharger_Paripesa_%E2%80%93_Installation_Etape_par_Etape\" >Comment T\u00e9l\u00e9charger Paripesa \u2013 Installation \u00c9tape par \u00c9tape<\/a><\/li><li class='ez-toc-page-1 ez-toc-heading-level-2'><a class=\"ez-toc-link ez-toc-heading-3\" href=\"https:\/\/paripesa-ghana.com\/fr-tg\/#Paripesa_Togo_%E2%80%93_Service_Local_et_Avantages\" >Paripesa Togo \u2013 Service Local et Avantages<\/a><\/li><li class='ez-toc-page-1 ez-toc-heading-level-2'><a class=\"ez-toc-link ez-toc-heading-4\" href=\"https:\/\/paripesa-ghana.com\/fr-tg\/#Paris_Sportif_Togo_%E2%80%93_Opportunites_Locales\" >Paris Sportif Togo \u2013 Opportunit\u00e9s Locales<\/a><\/li><li class='ez-toc-page-1 ez-toc-heading-level-2'><a class=\"ez-toc-link ez-toc-heading-5\" href=\"https:\/\/paripesa-ghana.com\/fr-tg\/#Application_Paripesa_%E2%80%93_Fonctionnalites_Avancees\" >Application Paripesa \u2013 Fonctionnalit\u00e9s Avanc\u00e9es<\/a><\/li><li class='ez-toc-page-1 ez-toc-heading-level-2'><a class=\"ez-toc-link ez-toc-heading-6\" href=\"https:\/\/paripesa-ghana.com\/fr-tg\/#Casino_Jeux_%E2%80%93_Selection_et_Variete\" >Casino Jeux \u2013 S\u00e9lection et Vari\u00e9t\u00e9<\/a><\/li><li class='ez-toc-page-1 ez-toc-heading-level-2'><a class=\"ez-toc-link ez-toc-heading-7\" href=\"https:\/\/paripesa-ghana.com\/fr-tg\/#_Paripesa_Africa_%E2%80%93_Expansion_Continentale\" >&nbsp;Paripesa Africa \u2013 Expansion Continentale<\/a><\/li><li class='ez-toc-page-1 ez-toc-heading-level-2'><a class=\"ez-toc-link ez-toc-heading-8\" href=\"https:\/\/paripesa-ghana.com\/fr-tg\/#Paris_Sportif_en_Ligne_%E2%80%93_Avantages_du_Digital\" >Paris Sportif en Ligne \u2013 Avantages du Digital<\/a><\/li><li class='ez-toc-page-1 ez-toc-heading-level-2'><a class=\"ez-toc-link ez-toc-heading-9\" href=\"https:\/\/paripesa-ghana.com\/fr-tg\/#_Conclusion_%E2%80%93_Paripesa_Togo_Votre_Partenaire_de_Jeu\" >&nbsp;Conclusion \u2013 Paripesa Togo, Votre Partenaire de Jeu<\/a><\/li><\/ul><\/li><\/ul><\/nav><\/div>\n\n\n\n\n<figure class=\"wp-block-image size-large\"><img loading=\"lazy\" decoding=\"async\" width=\"1024\" height=\"683\" src=\"https:\/\/paripesa-ghana.com\/wp-content\/uploads\/2025\/10\/Paripesa-Togo-1024x683.webp\" alt=\"Paripesa Togo\" class=\"wp-image-3872\" srcset=\"https:\/\/paripesa-ghana.com\/wp-content\/uploads\/2025\/10\/Paripesa-Togo-1024x683.webp 1024w, https:\/\/paripesa-ghana.com\/wp-content\/uploads\/2025\/10\/Paripesa-Togo-300x200.webp 300w, https:\/\/paripesa-ghana.com\/wp-content\/uploads\/2025\/10\/Paripesa-Togo-768x512.webp 768w, https:\/\/paripesa-ghana.com\/wp-content\/uploads\/2025\/10\/Paripesa-Togo.webp 1536w\" sizes=\"auto, (max-width: 1024px) 100vw, 1024px\" \/><\/figure>\n\n\n\n<p>Paripesa se positionne comme une soci\u00e9t\u00e9 offrant un vaste choix d&#8217;\u00e9v\u00e9nements sur lesquels parier dans diff\u00e9rents sports, ainsi que diff\u00e9rents formats de paris : simple, combin\u00e9, combin\u00e9 \u00e0 plusieurs, syst\u00e8me.<\/p>\n\n\n\n<h2 class=\"wp-block-heading\"><span class=\"ez-toc-section\" id=\"Comment_Telecharger_Paripesa_%E2%80%93_Installation_Etape_par_Etape\"><\/span>Comment T\u00e9l\u00e9charger Paripesa \u2013 Installation \u00c9tape par \u00c9tape<span class=\"ez-toc-section-end\"><\/span><\/h2>\n\n\n\n<p>Pour t\u00e9l\u00e9charger paripesa l&#8217;application sur Android et iOS, proc\u00e9dez comme suit :<br>&#8211; Ouvrez le site mobile Paripesa sur votre appareil Android ou iOS.<br>&#8211; Assurez-vous que vous r\u00e9pondez aux exigences techniques.<br>&#8211; Cliquez ensuite sur le lien Application pour smartphones. Il se trouve dans le coin sup\u00e9rieur gauche de l&#8217;\u00e9cran de votre appareil mobile.<br>&#8211; Cliquez sur le bouton permettant de t\u00e9l\u00e9charger paripesa.<br>&#8211; Vous trouverez l&#8217;application sur l&#8217;\u00e9cran d&#8217;accueil de votre appareil.<br>&#8211; Cliquez pour l&#8217;ouvrir et utilisez vos identifiants pour acc\u00e9der au solde de votre compte si vous vous \u00eates d\u00e9j\u00e0 inscrit via la version mobile ou desktop du site web ou si vous venez de cr\u00e9er un nouveau compte.<br>&#8211; Profitez d&#8217;une exp\u00e9rience inoubliable avec l&#8217;application Paripesa pour Android.<\/p>\n\n\n\n<h2 class=\"wp-block-heading\"><span class=\"ez-toc-section\" id=\"Paripesa_Togo_%E2%80%93_Service_Local_et_Avantages\"><\/span>Paripesa Togo \u2013 Service Local et Avantages<span class=\"ez-toc-section-end\"><\/span><\/h2>\n\n\n\n<p>L&#8217;arsenal d&#8217;options sp\u00e9ciales du bookmaker Paripesa Togo comprend plusieurs options. Parmi celles-ci, on trouve :<\/p>\n\n\n\n<ul class=\"wp-block-list\">\n<li>\u00ab Zone sch\u00e9matique \u00bb. Gr\u00e2ce \u00e0 cette option, le joueur peut personnaliser l&#8217;affichage graphique du match, en le visualisant non pas en direct, mais sous forme d&#8217;animation \u00e0 partir de mod\u00e8les de diapositives. Cette option permet de suivre les \u00e9v\u00e9nements qui se d\u00e9roulent sur le terrain sans utiliser la retransmission vid\u00e9o.<\/li>\n\n\n\n<li>\u00ab Statistiques \u00bb. Cette section comprend 4 \u00e9l\u00e9ments. Les joueurs peuvent consulter les \u00e9v\u00e9nements qui se d\u00e9roulent dans le jeu. Paripesa Togo propose \u00e9galement un graphique de l&#8217;\u00e9volution des cotes dans la ligne pour des intervalles de temps sp\u00e9cifiques. Les utilisateurs peuvent \u00e9galement consulter le classement du tournoi et les statistiques des performances par \u00e9quipe.<\/li>\n\n\n\n<li>\u00ab Alertes \u00bb. Cette option permet de configurer des alertes pour signaler les changements de score dans un match ou la fin d&#8217;un \u00e9v\u00e9nement. Les joueurs peuvent choisir l&#8217;option \u00ab Activer \u00bb ou \u00ab D\u00e9sactiver \u00bb pour chaque match.<\/li>\n<\/ul>\n\n\n\n<style>\n.table-paripesa {\n  width: 100%;\n  border-collapse: collapse;\n  font-family: Arial, sans-serif;\n  font-size: 15px;\n  margin: 20px 0;\n  background: #2c2c2c;\n  color: #fff;\n}\n\n.table-paripesa th {\n  background: #ff9900;\n  color: #000;\n  text-align: left;\n  padding: 12px 15px;\n  text-transform: uppercase;\n}\n\n.table-paripesa td {\n  border: 1px solid #444;\n  padding: 12px 15px;\n}\n\n.table-paripesa tr:nth-child(even) {\n  background: #3a3a3a;\n}\n\n.table-paripesa tr:hover {\n  background: #444;\n}\n\n.table-paripesa .highlight {\n  background: #ff9900;\n  color: #000;\n  font-weight: bold;\n  padding: 5px 10px;\n  border-radius: 4px;\n  display: inline-block;\n}\n<\/style>\n\n<table class=\"table-paripesa\">\n  <tr>\n    <th>Param\u00e8tre<\/th>\n    <th>D\u00e9tails<\/th>\n  <\/tr>\n  <tr>\n    <td>Plateforme<\/td>\n    <td>PariPesa Togo<\/td>\n  <\/tr>\n  <tr>\n    <td>Pays cibl\u00e9<\/td>\n    <td>Togo<\/td>\n  <\/tr>\n  <tr>\n    <td>Devise<\/td>\n    <td>XOF (Franc CFA BCEAO)<\/td>\n  <\/tr>\n  <tr>\n    <td>D\u00e9p\u00f4t minimum<\/td>\n    <td>2 000 XOF<\/td>\n  <\/tr>\n  <tr>\n    <td>M\u00e9thodes de paiement<\/td>\n    <td>TMoney, Flooz, transfert bancaire<\/td>\n  <\/tr>\n  <tr>\n    <td>Bonus de bienvenue<\/td>\n    <td><span class=\"highlight\">100 % jusqu\u2019\u00e0 50 000 XOF<\/span><\/td>\n  <\/tr>\n  <tr>\n    <td>Application mobile<\/td>\n    <td>APK Android, version mobile du site<\/td>\n  <\/tr>\n  <tr>\n    <td>Assistance<\/td>\n    <td>Chat en direct 24h\/24, e-mail en fran\u00e7ais<\/td>\n  <\/tr>\n  <tr>\n    <td>Disponibilit\u00e9<\/td>\n    <td>Togo uniquement<br>Offres, support et paiements localis\u00e9s<\/td>\n  <\/tr>\n  <tr>\n    <td>Langue disponible<\/td>\n    <td>Fran\u00e7ais<\/td>\n  <\/tr>\n  <tr>\n    <td>Inscription<\/td>\n    <td>Inscription rapide via t\u00e9l\u00e9phone ou e-mail<\/td>\n  <\/tr>\n  <tr>\n    <td>V\u00e9rification du compte<\/td>\n    <td>Souvent non requise pour les petits retraits<\/td>\n  <\/tr>\n  <tr>\n    <td>D\u00e9lai de retrait<\/td>\n    <td>15 \u00e0 45 minutes via Mobile Money<\/td>\n  <\/tr>\n  <tr>\n    <td>Licence<\/td>\n    <td>Licence de jeu en ligne de Cura\u00e7ao<\/td>\n  <\/tr>\n  <tr>\n    <td>Code promo<\/td>\n    <td>TOGO100 (facultatif)<\/td>\n  <\/tr>\n<\/table>\n\n\n\n<h2 class=\"wp-block-heading\"><span class=\"ez-toc-section\" id=\"Paris_Sportif_Togo_%E2%80%93_Opportunites_Locales\"><\/span>Paris Sportif Togo \u2013 Opportunit\u00e9s Locales<span class=\"ez-toc-section-end\"><\/span><\/h2>\n\n\n\n<p><strong><a href=\"https:\/\/paripesa-ghana.com\/fr-tg\/paris-sur-le-togo\/\">Paris sportifs Togo<\/a><\/strong> vous offre les meilleures conditions pour passer un bon moment ! Le casino en ligne n&#8217;est accessible qu&#8217;aux joueurs des pays o\u00f9 cette activit\u00e9 est autoris\u00e9e par la loi. Il est interdit aux utilisateurs des pays o\u00f9 cela n&#8217;est pas possible de s&#8217;amuser sur le site. Par exemple, aux \u00c9tats-Unis, au Royaume-Uni, \u00e0 Singapour, en Isra\u00ebl, en Australie, etc. La plateforme en ligne paris sportif Togo propose plus de 35+ langues aux joueurs de diff\u00e9rents pays du monde.<\/p>\n\n\n\n<h2 class=\"wp-block-heading\"><span class=\"ez-toc-section\" id=\"Application_Paripesa_%E2%80%93_Fonctionnalites_Avancees\"><\/span>Application Paripesa \u2013 Fonctionnalit\u00e9s Avanc\u00e9es<span class=\"ez-toc-section-end\"><\/span><\/h2>\n\n\n\n<p>Lorsqu&#8217;il s&#8217;agit de choisir une application mobile pour parier au Togo, vous aurez du mal \u00e0 trouver un meilleur site de paris sportifs que PariPesa. Ce fournisseur international de jeux d&#8217;argent s&#8217;est impos\u00e9 comme l&#8217;une des plateformes les plus respectables du march\u00e9 africain.<br>Outre son large \u00e9ventail de paris sur les \u00e9v\u00e9nements sportifs locaux au Togo, PariPesa est \u00e9galement r\u00e9put\u00e9 pour satisfaire les go\u00fbts des amateurs de casino en direct. Vous pouvez \u00e9galement d\u00e9couvrir certaines des meilleures machines \u00e0 sous en ligne.<\/p>\n\n\n\n<figure class=\"wp-block-image size-large\"><img loading=\"lazy\" decoding=\"async\" width=\"1024\" height=\"683\" src=\"https:\/\/paripesa-ghana.com\/wp-content\/uploads\/2025\/10\/Application-Paripesa-1024x683.webp\" alt=\"Application Paripesa Togo\" class=\"wp-image-3878\" srcset=\"https:\/\/paripesa-ghana.com\/wp-content\/uploads\/2025\/10\/Application-Paripesa-1024x683.webp 1024w, https:\/\/paripesa-ghana.com\/wp-content\/uploads\/2025\/10\/Application-Paripesa-300x200.webp 300w, https:\/\/paripesa-ghana.com\/wp-content\/uploads\/2025\/10\/Application-Paripesa-768x512.webp 768w, https:\/\/paripesa-ghana.com\/wp-content\/uploads\/2025\/10\/Application-Paripesa.webp 1536w\" sizes=\"auto, (max-width: 1024px) 100vw, 1024px\" \/><\/figure>\n\n\n\n<p>Fonctions avanc\u00e9es :<br>&#8211; Notifications en direct des derni\u00e8res actualit\u00e9s, des \u00e9v\u00e9nements sportifs \u00e0 venir, des derni\u00e8res promotions des bookmakers ou de la section casino.<br>&#8211; Utilisation r\u00e9duite du trafic de donn\u00e9es mobiles si vous utilisez l&#8217;application Paripesa pour Android plut\u00f4t que la version classique du site web mobile.<br>&#8211; Acc\u00e8s ultra-rapide \u00e0 votre compte de paris en un seul clic. Au lieu de saisir le nom de la marque du casino dans la barre de recherche de votre navigateur, il vous suffit de cliquer une seule fois sur l&#8217;ic\u00f4ne de l&#8217;application Paripesa sur l&#8217;\u00e9cran.<\/p>\n\n\n\n<h2 class=\"wp-block-heading\"><span class=\"ez-toc-section\" id=\"Casino_Jeux_%E2%80%93_Selection_et_Variete\"><\/span>Casino Jeux \u2013 S\u00e9lection et Vari\u00e9t\u00e9<span class=\"ez-toc-section-end\"><\/span><\/h2>\n\n\n\n<p>Les jeux les plus populaires parmi les utilisateurs du club en ligne :<\/p>\n\n\n\n<ul class=\"wp-block-list\">\n<li>Iggy Racing ;<\/li>\n\n\n\n<li>243 Crystal Fruits ;<\/li>\n\n\n\n<li>Spirit of the Lake ;<\/li>\n\n\n\n<li>Savanna King.<\/li>\n<\/ul>\n\n\n\n<p>Les utilisateurs peuvent \u00e9galement jouer activement au poker.<br>On aimerait \u00e9galement mettre en avant plusieurs casino jeux :<\/p>\n\n\n\n<ul class=\"wp-block-list\">\n<li>Cascade ;<\/li>\n\n\n\n<li>Cluster ;<\/li>\n\n\n\n<li>Keno.<\/li>\n<\/ul>\n\n\n\n<h2 class=\"wp-block-heading\"><span class=\"ez-toc-section\" id=\"_Paripesa_Africa_%E2%80%93_Expansion_Continentale\"><\/span>&nbsp;Paripesa Africa \u2013 Expansion Continentale<span class=\"ez-toc-section-end\"><\/span><\/h2>\n\n\n\n<p>Le casino PariPesa Africa est accessible dans toute l&#8217;Afrique : vous pouvez profiter d&#8217;un jeu de qualit\u00e9 o\u00f9 que vous soyez dans votre pays. Cette entreprise compte de nombreux utilisateurs qui s&#8217;inscrivent et jouent chaque jour.<br>Les joueurs peuvent parier sur les march\u00e9s principaux : handicaps, totaux, r\u00e9sultats des matchs. Il existe des paris s\u00e9par\u00e9s pour les mi-temps et les p\u00e9riodes, ainsi que des sections sp\u00e9ciales pour les paris sportif en ligne sur les statistiques : performances individuelles des joueurs, corners, rebonds, etc.<\/p>\n\n\n\n<h2 class=\"wp-block-heading\"><span class=\"ez-toc-section\" id=\"Paris_Sportif_en_Ligne_%E2%80%93_Avantages_du_Digital\"><\/span>Paris Sportif en Ligne \u2013 Avantages du Digital<span class=\"ez-toc-section-end\"><\/span><\/h2>\n\n\n\n<p>La gamme la plus large de la soci\u00e9t\u00e9 est propos\u00e9e pour les matchs de football. Avant le match, les joueurs peuvent choisir parmi les matchs propos\u00e9s dans 220 tournois diff\u00e9rents. Le nombre de comp\u00e9titions peut augmenter. Il est \u00e9galement possible de parier sur de nombreux tournois e-sportifs appartenant \u00e0 la m\u00eame cat\u00e9gorie.<\/p>\n\n\n\n<figure class=\"wp-block-image size-full is-resized\"><img loading=\"lazy\" decoding=\"async\" width=\"1024\" height=\"1024\" src=\"https:\/\/paripesa-ghana.com\/wp-content\/uploads\/2025\/10\/Paris-Sportif.webp\" alt=\"Paris Sportif au Togo\" class=\"wp-image-3884\" style=\"width:770px;height:auto\" srcset=\"https:\/\/paripesa-ghana.com\/wp-content\/uploads\/2025\/10\/Paris-Sportif.webp 1024w, https:\/\/paripesa-ghana.com\/wp-content\/uploads\/2025\/10\/Paris-Sportif-300x300.webp 300w, https:\/\/paripesa-ghana.com\/wp-content\/uploads\/2025\/10\/Paris-Sportif-150x150.webp 150w, https:\/\/paripesa-ghana.com\/wp-content\/uploads\/2025\/10\/Paris-Sportif-768x768.webp 768w\" sizes=\"auto, (max-width: 1024px) 100vw, 1024px\" \/><\/figure>\n\n\n\n<h2 class=\"wp-block-heading\"><span class=\"ez-toc-section\" id=\"_Conclusion_%E2%80%93_Paripesa_Togo_Votre_Partenaire_de_Jeu\"><\/span>&nbsp;Conclusion \u2013 Paripesa Togo, Votre Partenaire de Jeu<span class=\"ez-toc-section-end\"><\/span><\/h2>\n\n\n\n<p>Paripesa est un excellent choix pour ceux qui appr\u00e9cient leur temps. La plateforme en ligne propose des options classiques pour approvisionner votre compte et retirer vos gains. Vous pouvez utiliser des cartes bancaires, des portefeuilles \u00e9lectroniques, des syst\u00e8mes modernes et certaines cryptomonnaies. La liste des options disponibles est constamment mise \u00e0 jour.<br>Vous trouverez ici de nombreux jeux et diff\u00e9rents paris sur toutes sortes de sports. Une application pratique vous permettra de rester connect\u00e9 \u00e0 tout moment !<\/p>\n","protected":false},"excerpt":{"rendered":"<p>T\u00e9l\u00e9charger Paripesa Togo \u2013 Application et Guide Complet. Informations int\u00e9ressantes et faits. La maison de paris Paripesa Togo est une soci\u00e9t\u00e9 de paris qui propose \u00e0 ses utilisateurs non seulement de parier sur des \u00e9v\u00e9nements sportifs, mais aussi de profiter d&#8217;un casino en ligne en misant sur des machines \u00e0 sous et des jeux t\u00e9l\u00e9vis\u00e9s. [&hellip;]<\/p>\n","protected":false},"author":1,"featured_media":0,"parent":0,"menu_order":0,"comment_status":"closed","ping_status":"closed","template":"views\/page-home.php","meta":{"_sitemap_exclude":false,"_sitemap_priority":"","_sitemap_frequency":"","footnotes":""},"class_list":["post-1303","page","type-page","status-publish","hentry"],"acf":[],"yoast_head":"<!-- This site is optimized with the Yoast SEO plugin v22.9 - https:\/\/yoast.com\/wordpress\/plugins\/seo\/ -->\n<title>PariPesa Togo 2026 | Cotes \u00c9lev\u00e9es \u261b Bonus XOF<\/title>\n<meta name=\"description\" content=\"Rejoignez PariPesa Togo \u21d2 Profitez de bonus XOF, promos 2026, paris en direct &amp; paiements rapides \u261b Commencez \u00e0 gagner !\" \/>\n<meta name=\"robots\" content=\"index, follow, max-snippet:-1, max-image-preview:large, max-video-preview:-1\" \/>\n<link rel=\"canonical\" href=\"https:\/\/paripesa-ghana.com\/fr-tg\/\" \/>\n<meta property=\"og:locale\" content=\"fr_FR\" \/>\n<meta property=\"og:type\" content=\"article\" \/>\n<meta property=\"og:url\" content=\"https:\/\/paripesa-ghana.com\/fr-tg\/\" \/>\n<meta property=\"article:modified_time\" content=\"2026-04-08T18:24:00+00:00\" \/>\n<meta property=\"og:image\" content=\"https:\/\/paripesa-ghana.com\/wp-content\/uploads\/2025\/10\/Paripesa-Togo-1024x683.webp\" \/>\n<meta name=\"twitter:label1\" content=\"Est. reading time\" \/>\n\t<meta name=\"twitter:data1\" content=\"6 minutes\" \/>\n<script type=\"application\/ld+json\" class=\"yoast-schema-graph\">{\"@context\":\"https:\/\/schema.org\",\"@graph\":[{\"@type\":\"WebPage\",\"@id\":\"https:\/\/paripesa-ghana.com\/fr-tg\/\",\"url\":\"https:\/\/paripesa-ghana.com\/fr-tg\/\",\"name\":\"PariPesa Togo 2026 | Cotes \u00c9lev\u00e9es \u261b Bonus XOF\",\"isPartOf\":{\"@id\":\"https:\/\/paripesa-ghana.com\/#website\"},\"primaryImageOfPage\":{\"@id\":\"https:\/\/paripesa-ghana.com\/fr-tg\/#primaryimage\"},\"image\":{\"@id\":\"https:\/\/paripesa-ghana.com\/fr-tg\/#primaryimage\"},\"thumbnailUrl\":\"https:\/\/paripesa-ghana.com\/wp-content\/uploads\/2025\/10\/Paripesa-Togo-1024x683.webp\",\"datePublished\":\"2024-06-26T19:04:58+00:00\",\"dateModified\":\"2026-04-08T18:24:00+00:00\",\"description\":\"Rejoignez PariPesa Togo \u21d2 Profitez de bonus XOF, promos 2026, paris en direct & paiements rapides \u261b Commencez \u00e0 gagner !\",\"breadcrumb\":{\"@id\":\"https:\/\/paripesa-ghana.com\/fr-tg\/#breadcrumb\"},\"inLanguage\":\"fr-TG\",\"potentialAction\":[{\"@type\":\"ReadAction\",\"target\":[\"https:\/\/paripesa-ghana.com\/fr-tg\/\"]}]},{\"@type\":\"ImageObject\",\"inLanguage\":\"fr-TG\",\"@id\":\"https:\/\/paripesa-ghana.com\/fr-tg\/#primaryimage\",\"url\":\"https:\/\/paripesa-ghana.com\/wp-content\/uploads\/2025\/10\/Paripesa-Togo-1024x683.webp\",\"contentUrl\":\"https:\/\/paripesa-ghana.com\/wp-content\/uploads\/2025\/10\/Paripesa-Togo-1024x683.webp\"},{\"@type\":\"BreadcrumbList\",\"@id\":\"https:\/\/paripesa-ghana.com\/fr-tg\/#breadcrumb\",\"itemListElement\":[{\"@type\":\"ListItem\",\"position\":1,\"name\":\"Paripesa\",\"item\":\"https:\/\/paripesa-ghana.com\/fr-tg\/\"},{\"@type\":\"ListItem\",\"position\":2,\"name\":\"Accueil\"}]},{\"@type\":\"WebSite\",\"@id\":\"https:\/\/paripesa-ghana.com\/#website\",\"url\":\"https:\/\/paripesa-ghana.com\/\",\"name\":\"\",\"description\":\"\",\"potentialAction\":[{\"@type\":\"SearchAction\",\"target\":{\"@type\":\"EntryPoint\",\"urlTemplate\":\"https:\/\/paripesa-ghana.com\/?s={search_term_string}\"},\"query-input\":\"required name=search_term_string\"}],\"inLanguage\":\"fr-TG\"}]}<\/script>\n<!-- \/ Yoast SEO plugin. -->","yoast_head_json":{"title":"PariPesa Togo 2026 | Cotes \u00c9lev\u00e9es \u261b Bonus XOF","description":"Rejoignez PariPesa Togo \u21d2 Profitez de bonus XOF, promos 2026, paris en direct & paiements rapides \u261b Commencez \u00e0 gagner !","robots":{"index":"index","follow":"follow","max-snippet":"max-snippet:-1","max-image-preview":"max-image-preview:large","max-video-preview":"max-video-preview:-1"},"canonical":"https:\/\/paripesa-ghana.com\/fr-tg\/","og_locale":"fr_FR","og_type":"article","og_url":"https:\/\/paripesa-ghana.com\/fr-tg\/","article_modified_time":"2026-04-08T18:24:00+00:00","og_image":[{"url":"https:\/\/paripesa-ghana.com\/wp-content\/uploads\/2025\/10\/Paripesa-Togo-1024x683.webp"}],"twitter_misc":{"Est. reading time":"6 minutes"},"schema":{"@context":"https:\/\/schema.org","@graph":[{"@type":"WebPage","@id":"https:\/\/paripesa-ghana.com\/fr-tg\/","url":"https:\/\/paripesa-ghana.com\/fr-tg\/","name":"PariPesa Togo 2026 | Cotes \u00c9lev\u00e9es \u261b Bonus XOF","isPartOf":{"@id":"https:\/\/paripesa-ghana.com\/#website"},"primaryImageOfPage":{"@id":"https:\/\/paripesa-ghana.com\/fr-tg\/#primaryimage"},"image":{"@id":"https:\/\/paripesa-ghana.com\/fr-tg\/#primaryimage"},"thumbnailUrl":"https:\/\/paripesa-ghana.com\/wp-content\/uploads\/2025\/10\/Paripesa-Togo-1024x683.webp","datePublished":"2024-06-26T19:04:58+00:00","dateModified":"2026-04-08T18:24:00+00:00","description":"Rejoignez PariPesa Togo \u21d2 Profitez de bonus XOF, promos 2026, paris en direct & paiements rapides \u261b Commencez \u00e0 gagner !","breadcrumb":{"@id":"https:\/\/paripesa-ghana.com\/fr-tg\/#breadcrumb"},"inLanguage":"fr-TG","potentialAction":[{"@type":"ReadAction","target":["https:\/\/paripesa-ghana.com\/fr-tg\/"]}]},{"@type":"ImageObject","inLanguage":"fr-TG","@id":"https:\/\/paripesa-ghana.com\/fr-tg\/#primaryimage","url":"https:\/\/paripesa-ghana.com\/wp-content\/uploads\/2025\/10\/Paripesa-Togo-1024x683.webp","contentUrl":"https:\/\/paripesa-ghana.com\/wp-content\/uploads\/2025\/10\/Paripesa-Togo-1024x683.webp"},{"@type":"BreadcrumbList","@id":"https:\/\/paripesa-ghana.com\/fr-tg\/#breadcrumb","itemListElement":[{"@type":"ListItem","position":1,"name":"Paripesa","item":"https:\/\/paripesa-ghana.com\/fr-tg\/"},{"@type":"ListItem","position":2,"name":"Accueil"}]},{"@type":"WebSite","@id":"https:\/\/paripesa-ghana.com\/#website","url":"https:\/\/paripesa-ghana.com\/","name":"","description":"","potentialAction":[{"@type":"SearchAction","target":{"@type":"EntryPoint","urlTemplate":"https:\/\/paripesa-ghana.com\/?s={search_term_string}"},"query-input":"required name=search_term_string"}],"inLanguage":"fr-TG"}]}},"_links":{"self":[{"href":"https:\/\/paripesa-ghana.com\/fr-tg\/wp-json\/wp\/v2\/pages\/1303","targetHints":{"allow":["GET"]}}],"collection":[{"href":"https:\/\/paripesa-ghana.com\/fr-tg\/wp-json\/wp\/v2\/pages"}],"about":[{"href":"https:\/\/paripesa-ghana.com\/fr-tg\/wp-json\/wp\/v2\/types\/page"}],"author":[{"embeddable":true,"href":"https:\/\/paripesa-ghana.com\/fr-tg\/wp-json\/wp\/v2\/users\/1"}],"replies":[{"embeddable":true,"href":"https:\/\/paripesa-ghana.com\/fr-tg\/wp-json\/wp\/v2\/comments?post=1303"}],"version-history":[{"count":25,"href":"https:\/\/paripesa-ghana.com\/fr-tg\/wp-json\/wp\/v2\/pages\/1303\/revisions"}],"predecessor-version":[{"id":4492,"href":"https:\/\/paripesa-ghana.com\/fr-tg\/wp-json\/wp\/v2\/pages\/1303\/revisions\/4492"}],"wp:attachment":[{"href":"https:\/\/paripesa-ghana.com\/fr-tg\/wp-json\/wp\/v2\/media?parent=1303"}],"curies":[{"name":"wp","href":"https:\/\/api.w.org\/{rel}","templated":true}]}}