{"id":2178,"date":"2025-06-03T13:39:08","date_gmt":"2025-06-03T13:39:08","guid":{"rendered":"https:\/\/paripesa-ghana.com\/ice-hockey\/"},"modified":"2025-08-14T08:11:52","modified_gmt":"2025-08-14T08:11:52","slug":"ice-hockey","status":"publish","type":"page","link":"https:\/\/paripesa-ghana.com\/fr-bj\/ice-hockey\/","title":{"rendered":"Ice Hockey"},"content":{"rendered":"\n<h1 class=\"wp-block-heading\"><span class=\"ez-toc-section\" id=\"Un_apercu_du_hockey_sur_glace_avec_PariPesa_Benin_%E2%80%93_regles_conseils_et_plus\"><\/span>Un aper\u00e7u du hockey sur glace avec PariPesa Benin \u2013 r\u00e8gles, conseils et plus<span class=\"ez-toc-section-end\"><\/span><\/h1>\n\n\n\n<figure class=\"wp-block-image size-full\"><img loading=\"lazy\" decoding=\"async\" width=\"1024\" height=\"1024\" src=\"https:\/\/paripesa-ghana.com\/wp-content\/uploads\/2025\/08\/paripesa-benin-hockey-rules-tips.png\" alt=\"PariPesa Benin - meilleur site de paris\" class=\"wp-image-2200\" srcset=\"https:\/\/paripesa-ghana.com\/wp-content\/uploads\/2025\/08\/paripesa-benin-hockey-rules-tips.png 1024w, https:\/\/paripesa-ghana.com\/wp-content\/uploads\/2025\/08\/paripesa-benin-hockey-rules-tips-300x300.png 300w, https:\/\/paripesa-ghana.com\/wp-content\/uploads\/2025\/08\/paripesa-benin-hockey-rules-tips-150x150.png 150w, https:\/\/paripesa-ghana.com\/wp-content\/uploads\/2025\/08\/paripesa-benin-hockey-rules-tips-768x768.png 768w\" sizes=\"auto, (max-width: 1024px) 100vw, 1024px\" \/><\/figure>\n\n\n\n<p>Le hockey sur glace n\u2019est peut-\u00eatre pas le sport le plus populaire au B\u00e9nin, mais il offre une intensit\u00e9 et une adr\u00e9naline qui s\u00e9duisent de plus en plus d\u2019amateurs. Si vous recherchez un jeu rapide et riche en actions, il vaut la peine d\u2019y jeter un coup d\u2019\u0153il.<br>Que vous d\u00e9couvriez ce sport ou que vous souhaitiez mieux le comprendre avant de placer vos paris, ce guide est fait pour vous.<\/p><div id=\"ez-toc-container\" class=\"ez-toc-v2_0_82_2 counter-hierarchy ez-toc-counter ez-toc-custom ez-toc-container-direction\">\n<p class=\"ez-toc-title\" style=\"cursor:inherit\">Table of Contents<\/p>\n<label for=\"ez-toc-cssicon-toggle-item-69f0f509906cc\" class=\"ez-toc-cssicon-toggle-label\"><span class=\"ez-toc-cssicon\"><span class=\"eztoc-hide\" style=\"display:none;\">Toggle<\/span><span class=\"ez-toc-icon-toggle-span\"><svg style=\"fill: #ffffff;color:#ffffff\" xmlns=\"http:\/\/www.w3.org\/2000\/svg\" class=\"list-377408\" width=\"20px\" height=\"20px\" viewBox=\"0 0 24 24\" fill=\"none\"><path d=\"M6 6H4v2h2V6zm14 0H8v2h12V6zM4 11h2v2H4v-2zm16 0H8v2h12v-2zM4 16h2v2H4v-2zm16 0H8v2h12v-2z\" fill=\"currentColor\"><\/path><\/svg><svg style=\"fill: #ffffff;color:#ffffff\" class=\"arrow-unsorted-368013\" xmlns=\"http:\/\/www.w3.org\/2000\/svg\" width=\"10px\" height=\"10px\" viewBox=\"0 0 24 24\" version=\"1.2\" baseProfile=\"tiny\"><path d=\"M18.2 9.3l-6.2-6.3-6.2 6.3c-.2.2-.3.4-.3.7s.1.5.3.7c.2.2.4.3.7.3h11c.3 0 .5-.1.7-.3.2-.2.3-.5.3-.7s-.1-.5-.3-.7zM5.8 14.7l6.2 6.3 6.2-6.3c.2-.2.3-.5.3-.7s-.1-.5-.3-.7c-.2-.2-.4-.3-.7-.3h-11c-.3 0-.5.1-.7.3-.2.2-.3.5-.3.7s.1.5.3.7z\"\/><\/svg><\/span><\/span><\/label><input type=\"checkbox\"  id=\"ez-toc-cssicon-toggle-item-69f0f509906cc\"  aria-label=\"Toggle\" \/><nav><ul class='ez-toc-list ez-toc-list-level-1 ' ><li class='ez-toc-page-1 ez-toc-heading-level-1'><a class=\"ez-toc-link ez-toc-heading-1\" href=\"https:\/\/paripesa-ghana.com\/fr-bj\/ice-hockey\/#Un_apercu_du_hockey_sur_glace_avec_PariPesa_Benin_%E2%80%93_regles_conseils_et_plus\" >Un aper\u00e7u du hockey sur glace avec PariPesa Benin \u2013 r\u00e8gles, conseils et plus<\/a><ul class='ez-toc-list-level-2' ><li class='ez-toc-heading-level-2'><a class=\"ez-toc-link ez-toc-heading-2\" href=\"https:\/\/paripesa-ghana.com\/fr-bj\/ice-hockey\/#Quest-ce_que_le_hockey_sur_glace_et_pourquoi_plait-il_autant\" >Qu\u2019est-ce que le hockey sur glace et pourquoi pla\u00eet-il autant ?<\/a><\/li><li class='ez-toc-page-1 ez-toc-heading-level-2'><a class=\"ez-toc-link ez-toc-heading-3\" href=\"https:\/\/paripesa-ghana.com\/fr-bj\/ice-hockey\/#Regles_de_base_pour_debutants_au_hockey_sur_glace\" >R\u00e8gles de base pour d\u00e9butants au hockey sur glace<\/a><\/li><li class='ez-toc-page-1 ez-toc-heading-level-2'><a class=\"ez-toc-link ez-toc-heading-4\" href=\"https:\/\/paripesa-ghana.com\/fr-bj\/ice-hockey\/#Comment_jouer_au_hockey_sur_glace_%E2%80%93_Guide_pour_debutants\" >Comment jouer au hockey sur glace \u2013 Guide pour d\u00e9butants<\/a><\/li><li class='ez-toc-page-1 ez-toc-heading-level-2'><a class=\"ez-toc-link ez-toc-heading-5\" href=\"https:\/\/paripesa-ghana.com\/fr-bj\/ice-hockey\/#Format_et_structure_dun_match_de_hockey_sur_glace\" >Format et structure d\u2019un match de hockey sur glace<\/a><\/li><li class='ez-toc-page-1 ez-toc-heading-level-2'><a class=\"ez-toc-link ez-toc-heading-6\" href=\"https:\/\/paripesa-ghana.com\/fr-bj\/ice-hockey\/#Les_grandes_ligues_de_hockey_sur_glace_a_suivre\" >Les grandes ligues de hockey sur glace \u00e0 suivre<\/a><\/li><li class='ez-toc-page-1 ez-toc-heading-level-2'><a class=\"ez-toc-link ez-toc-heading-7\" href=\"https:\/\/paripesa-ghana.com\/fr-bj\/ice-hockey\/#Comment_commencer_a_parier_sur_le_hockey_sur_glace_avec_PariPesa_Benin\" >Comment commencer \u00e0 parier sur le hockey sur glace avec PariPesa Benin<\/a><\/li><li class='ez-toc-page-1 ez-toc-heading-level-2'><a class=\"ez-toc-link ez-toc-heading-8\" href=\"https:\/\/paripesa-ghana.com\/fr-bj\/ice-hockey\/#Comprendre_les_cotes_au_hockey_sur_glace\" >Comprendre les cotes au hockey sur glace<\/a><\/li><li class='ez-toc-page-1 ez-toc-heading-level-2'><a class=\"ez-toc-link ez-toc-heading-9\" href=\"https:\/\/paripesa-ghana.com\/fr-bj\/ice-hockey\/#Astuces_de_paris_pour_ameliorer_vos_resultats\" >Astuces de paris pour am\u00e9liorer vos r\u00e9sultats<\/a><\/li><li class='ez-toc-page-1 ez-toc-heading-level-2'><a class=\"ez-toc-link ez-toc-heading-10\" href=\"https:\/\/paripesa-ghana.com\/fr-bj\/ice-hockey\/#Predictions_et_analyses_des_experts\" >Pr\u00e9dictions et analyses des experts<\/a><\/li><li class='ez-toc-page-1 ez-toc-heading-level-2'><a class=\"ez-toc-link ez-toc-heading-11\" href=\"https:\/\/paripesa-ghana.com\/fr-bj\/ice-hockey\/#Profiter_du_hockey_sur_glace_de_differentes_facons\" >Profiter du hockey sur glace de diff\u00e9rentes fa\u00e7ons<\/a><\/li><\/ul><\/li><\/ul><\/nav><\/div>\n\n\n\n\n<h2 class=\"wp-block-heading\"><span class=\"ez-toc-section\" id=\"Quest-ce_que_le_hockey_sur_glace_et_pourquoi_plait-il_autant\"><\/span>Qu\u2019est-ce que le hockey sur glace et pourquoi pla\u00eet-il autant ?<span class=\"ez-toc-section-end\"><\/span><\/h2>\n\n\n\n<p>Le hockey sur glace est un sport de contact intense qui oppose deux \u00e9quipes sur une patinoire. L\u2019objectif est simple : envoyer le palet dans le but adverse \u00e0 l\u2019aide d\u2019une crosse.<br>Tr\u00e8s populaire dans des pays au climat froid comme le Canada, la Finlande ou la Su\u00e8de, il captive par son rythme soutenu et ses retournements spectaculaires.<\/p>\n\n\n\n<h2 class=\"wp-block-heading\"><span class=\"ez-toc-section\" id=\"Regles_de_base_pour_debutants_au_hockey_sur_glace\"><\/span>R\u00e8gles de base pour d\u00e9butants au hockey sur glace<span class=\"ez-toc-section-end\"><\/span><\/h2>\n\n\n\n<p>\u00c0 premi\u00e8re vue, le hockey sur glace peut sembler complexe, mais une fois les r\u00e8gles comprises, il devient passionnant \u00e0 suivre et encore plus amusant \u00e0 jouer.<br>Le but reste simple : marquer en envoyant le palet dans la cage adverse. Cependant, certaines r\u00e8gles maintiennent l\u2019\u00e9quit\u00e9, comme l\u2019interdiction d\u2019entrer dans la zone d\u2019attaque avant le palet (hors-jeu). Les fautes sont sanctionn\u00e9es : deux minutes en prison pour une obstruction, cinq minutes pour une charge dangereuse.<br>Les contacts physiques sont permis, mais doivent rester dans les limites de la s\u00e9curit\u00e9. Les changements de joueurs peuvent se faire \u00e0 tout moment, m\u00eame pendant le jeu, ce qui rend la partie ultra dynamique.<\/p>\n\n\n\n<h2 class=\"wp-block-heading\"><span class=\"ez-toc-section\" id=\"Comment_jouer_au_hockey_sur_glace_%E2%80%93_Guide_pour_debutants\"><\/span>Comment jouer au hockey sur glace \u2013 Guide pour d\u00e9butants<span class=\"ez-toc-section-end\"><\/span><\/h2>\n\n\n\n<p>La premi\u00e8re comp\u00e9tence \u00e0 d\u00e9velopper est le patinage : acc\u00e9l\u00e9rer, s\u2019arr\u00eater net, tourner rapidement tout en gardant l\u2019\u00e9quilibre. Ensuite, il faut un \u00e9quipement adapt\u00e9 : crosse, casque, gants, patins et protections.<br>Il existe trois postes cl\u00e9s : attaquants (pour marquer), d\u00e9fenseurs (pour prot\u00e9ger la zone) et gardien (pour arr\u00eater le palet). La communication et le travail d\u2019\u00e9quipe sont essentiels.<br>Commencez petit : rejoignez un club local, participez \u00e0 des s\u00e9ances de patinage et regardez r\u00e9guli\u00e8rement des matchs pour progresser.<\/p>\n\n\n\n<h2 class=\"wp-block-heading\"><span class=\"ez-toc-section\" id=\"Format_et_structure_dun_match_de_hockey_sur_glace\"><\/span>Format et structure d\u2019un match de hockey sur glace<span class=\"ez-toc-section-end\"><\/span><\/h2>\n\n\n\n<p>Un match officiel comporte trois p\u00e9riodes de 20 minutes avec des pauses entre chacune. En cas d\u2019\u00e9galit\u00e9, une prolongation ou une s\u00e9ance de tirs au but d\u00e9partage les \u00e9quipes.<br>Chaque \u00e9quipe aligne six joueurs sur la glace : trois attaquants, deux d\u00e9fenseurs et un gardien. Les changements fr\u00e9quents, toutes les 1\u20132 minutes, maintiennent un rythme \u00e9lev\u00e9 et une intensit\u00e9 constante.<\/p>\n\n\n\n<h2 class=\"wp-block-heading\"><span class=\"ez-toc-section\" id=\"Les_grandes_ligues_de_hockey_sur_glace_a_suivre\"><\/span>Les grandes ligues de hockey sur glace \u00e0 suivre<span class=\"ez-toc-section-end\"><\/span><\/h2>\n\n\n\n<p>Si vous recherchez les comp\u00e9titions les plus relev\u00e9es, la NHL (Am\u00e9rique du Nord) reste la r\u00e9f\u00e9rence mondiale. La KHL (Europe de l\u2019Est) et la Ligue su\u00e9doise offrent des styles de jeu diff\u00e9rents et tactiques.<br>Les championnats internationaux comme le Mondial IIHF permettent de d\u00e9couvrir les meilleures \u00e9quipes nationales.<\/p>\n\n\n\n<h2 class=\"wp-block-heading\"><span class=\"ez-toc-section\" id=\"Comment_commencer_a_parier_sur_le_hockey_sur_glace_avec_PariPesa_Benin\"><\/span>Comment commencer \u00e0 parier sur le hockey sur glace avec PariPesa Benin<span class=\"ez-toc-section-end\"><\/span><\/h2>\n\n\n\n<figure class=\"wp-block-image size-large\"><img loading=\"lazy\" decoding=\"async\" width=\"1024\" height=\"683\" src=\"https:\/\/paripesa-ghana.com\/wp-content\/uploads\/2025\/08\/paripesa-benin-hockey-rules-tips-1-1024x683.png\" alt=\"PariPesa Benin \u2013 comment commencer \u00e0 parier\" class=\"wp-image-2206\" srcset=\"https:\/\/paripesa-ghana.com\/wp-content\/uploads\/2025\/08\/paripesa-benin-hockey-rules-tips-1-1024x683.png 1024w, https:\/\/paripesa-ghana.com\/wp-content\/uploads\/2025\/08\/paripesa-benin-hockey-rules-tips-1-300x200.png 300w, https:\/\/paripesa-ghana.com\/wp-content\/uploads\/2025\/08\/paripesa-benin-hockey-rules-tips-1-768x512.png 768w, https:\/\/paripesa-ghana.com\/wp-content\/uploads\/2025\/08\/paripesa-benin-hockey-rules-tips-1.png 1536w\" sizes=\"auto, (max-width: 1024px) 100vw, 1024px\" \/><\/figure>\n\n\n\n<p>Cr\u00e9er un compte sur PariPesa Benin est simple et rapide. D\u00e9posez un montant en franc CFA via mobile money ou carte bancaire. Acc\u00e9dez \u00e0 la section Sports, choisissez Hockey sur glace, et explorez les march\u00e9s disponibles : score final, nombre de buts, vainqueur par p\u00e9riode.<br>S\u00e9lectionnez votre mise, validez, et suivez le match. Vos gains \u00e9ventuels seront cr\u00e9dit\u00e9s automatiquement \u00e0 la fin de la rencontre.<\/p>\n\n\n\n<h2 class=\"wp-block-heading\"><span class=\"ez-toc-section\" id=\"Comprendre_les_cotes_au_hockey_sur_glace\"><\/span>Comprendre les cotes au hockey sur glace<span class=\"ez-toc-section-end\"><\/span><\/h2>\n\n\n\n<p>Les cotes varient selon la popularit\u00e9 d\u2019un \u00e9v\u00e9nement, les blessures, ou encore l\u2019avantage domicile\/ext\u00e9rieur. Plus elles sont \u00e9lev\u00e9es, plus le gain potentiel est important \u2014 mais la probabilit\u00e9 de victoire est plus faible.<\/p>\n\n\n\n<h2 class=\"wp-block-heading\"><span class=\"ez-toc-section\" id=\"Astuces_de_paris_pour_ameliorer_vos_resultats\"><\/span>Astuces de paris pour am\u00e9liorer vos r\u00e9sultats<span class=\"ez-toc-section-end\"><\/span><\/h2>\n\n\n\n<ul class=\"wp-block-list\">\n<li>\u00c9valuer la forme du gardien<\/li>\n\n\n\n<li>Ne pas parier syst\u00e9matiquement sur le favori<\/li>\n\n\n\n<li>Surveiller les \u00e9quipes jouant plusieurs matchs cons\u00e9cutifs<\/li>\n<\/ul>\n\n\n\n<p>Ces conseils simples, associ\u00e9s \u00e0 une bonne compr\u00e9hension du jeu, peuvent faire la diff\u00e9rence.<\/p>\n\n\n\n<h2 class=\"wp-block-heading\"><span class=\"ez-toc-section\" id=\"Predictions_et_analyses_des_experts\"><\/span>Pr\u00e9dictions et analyses des experts<span class=\"ez-toc-section-end\"><\/span><\/h2>\n\n\n\n<p>Les pronostics d\u00e9pendent des tournois, de la forme des joueurs et des confrontations pass\u00e9es. M\u00eame les experts peuvent se tromper \u2014 ne prenez jamais une pr\u00e9diction pour une certitude.<\/p>\n\n\n\n<h2 class=\"wp-block-heading\"><span class=\"ez-toc-section\" id=\"Profiter_du_hockey_sur_glace_de_differentes_facons\"><\/span>Profiter du hockey sur glace de diff\u00e9rentes fa\u00e7ons<span class=\"ez-toc-section-end\"><\/span><\/h2>\n\n\n\n<p>Le hockey sur glace offre un spectacle rapide et intense. Et gr\u00e2ce aux plateformes de paris en ligne, vous pouvez ajouter une dimension strat\u00e9gique en misant sur vos pr\u00e9visions. Explorez les nombreux march\u00e9s et profitez des cotes comp\u00e9titives d\u00e8s aujourd\u2019hui.<\/p>\n","protected":false},"excerpt":{"rendered":"<p>Un aper\u00e7u du hockey sur glace avec PariPesa Benin \u2013 r\u00e8gles, conseils et plus Le hockey sur glace n\u2019est peut-\u00eatre pas le sport le plus populaire au B\u00e9nin, mais il offre une intensit\u00e9 et une adr\u00e9naline qui s\u00e9duisent de plus en plus d\u2019amateurs. Si vous recherchez un jeu rapide et riche en actions, il vaut [&hellip;]<\/p>\n","protected":false},"author":1,"featured_media":0,"parent":0,"menu_order":0,"comment_status":"closed","ping_status":"closed","template":"","meta":{"_sitemap_exclude":false,"_sitemap_priority":"","_sitemap_frequency":"","footnotes":""},"class_list":["post-2178","page","type-page","status-publish","hentry"],"acf":[],"yoast_head":"<!-- This site is optimized with the Yoast SEO plugin v22.9 - https:\/\/yoast.com\/wordpress\/plugins\/seo\/ -->\n<title>PariPesa Benin \u2013 Guide pour parier sur le hockey sur glace<\/title>\n<meta name=\"description\" content=\"Apprenez avec PariPesa Benin comment commencer \u00e0 parier sur le hockey sur glace. D\u00e9couvrez \u00e9tapes, astuces et march\u00e9s pour maximiser vos gains.\" \/>\n<meta name=\"robots\" content=\"index, follow, max-snippet:-1, max-image-preview:large, max-video-preview:-1\" \/>\n<link rel=\"canonical\" href=\"https:\/\/paripesa-ghana.com\/fr-bj\/ice-hockey\/\" \/>\n<meta property=\"og:locale\" content=\"fr_FR\" \/>\n<meta property=\"og:type\" content=\"article\" \/>\n<meta property=\"og:url\" content=\"https:\/\/paripesa-ghana.com\/fr-bj\/ice-hockey\/\" \/>\n<meta property=\"article:modified_time\" content=\"2025-08-14T08:11:52+00:00\" \/>\n<meta property=\"og:image\" content=\"https:\/\/paripesa-ghana.com\/wp-content\/uploads\/2025\/08\/paripesa-benin-hockey-rules-tips.png\" \/>\n<meta name=\"twitter:label1\" content=\"Est. reading time\" \/>\n\t<meta name=\"twitter:data1\" content=\"4 minutes\" \/>\n<script type=\"application\/ld+json\" class=\"yoast-schema-graph\">{\"@context\":\"https:\/\/schema.org\",\"@graph\":[{\"@type\":\"WebPage\",\"@id\":\"https:\/\/paripesa-ghana.com\/fr-bj\/ice-hockey\/\",\"url\":\"https:\/\/paripesa-ghana.com\/fr-bj\/ice-hockey\/\",\"name\":\"PariPesa Benin \u2013 Guide pour parier sur le hockey sur glace\",\"isPartOf\":{\"@id\":\"https:\/\/paripesa-ghana.com\/#website\"},\"primaryImageOfPage\":{\"@id\":\"https:\/\/paripesa-ghana.com\/fr-bj\/ice-hockey\/#primaryimage\"},\"image\":{\"@id\":\"https:\/\/paripesa-ghana.com\/fr-bj\/ice-hockey\/#primaryimage\"},\"thumbnailUrl\":\"https:\/\/paripesa-ghana.com\/wp-content\/uploads\/2025\/08\/paripesa-benin-hockey-rules-tips.png\",\"datePublished\":\"2025-06-03T13:39:08+00:00\",\"dateModified\":\"2025-08-14T08:11:52+00:00\",\"description\":\"Apprenez avec PariPesa Benin comment commencer \u00e0 parier sur le hockey sur glace. D\u00e9couvrez \u00e9tapes, astuces et march\u00e9s pour maximiser vos gains.\",\"breadcrumb\":{\"@id\":\"https:\/\/paripesa-ghana.com\/fr-bj\/ice-hockey\/#breadcrumb\"},\"inLanguage\":\"fr-BJ\",\"potentialAction\":[{\"@type\":\"ReadAction\",\"target\":[\"https:\/\/paripesa-ghana.com\/fr-bj\/ice-hockey\/\"]}]},{\"@type\":\"ImageObject\",\"inLanguage\":\"fr-BJ\",\"@id\":\"https:\/\/paripesa-ghana.com\/fr-bj\/ice-hockey\/#primaryimage\",\"url\":\"https:\/\/paripesa-ghana.com\/wp-content\/uploads\/2025\/08\/paripesa-benin-hockey-rules-tips.png\",\"contentUrl\":\"https:\/\/paripesa-ghana.com\/wp-content\/uploads\/2025\/08\/paripesa-benin-hockey-rules-tips.png\"},{\"@type\":\"BreadcrumbList\",\"@id\":\"https:\/\/paripesa-ghana.com\/fr-bj\/ice-hockey\/#breadcrumb\",\"itemListElement\":[{\"@type\":\"ListItem\",\"position\":1,\"name\":\"Paripesa\",\"item\":\"https:\/\/paripesa-ghana.com\/fr-bj\/\"},{\"@type\":\"ListItem\",\"position\":2,\"name\":\"Ice Hockey\"}]},{\"@type\":\"WebSite\",\"@id\":\"https:\/\/paripesa-ghana.com\/#website\",\"url\":\"https:\/\/paripesa-ghana.com\/\",\"name\":\"\",\"description\":\"\",\"potentialAction\":[{\"@type\":\"SearchAction\",\"target\":{\"@type\":\"EntryPoint\",\"urlTemplate\":\"https:\/\/paripesa-ghana.com\/?s={search_term_string}\"},\"query-input\":\"required name=search_term_string\"}],\"inLanguage\":\"fr-BJ\"}]}<\/script>\n<!-- \/ Yoast SEO plugin. -->","yoast_head_json":{"title":"PariPesa Benin \u2013 Guide pour parier sur le hockey sur glace","description":"Apprenez avec PariPesa Benin comment commencer \u00e0 parier sur le hockey sur glace. D\u00e9couvrez \u00e9tapes, astuces et march\u00e9s pour maximiser vos gains.","robots":{"index":"index","follow":"follow","max-snippet":"max-snippet:-1","max-image-preview":"max-image-preview:large","max-video-preview":"max-video-preview:-1"},"canonical":"https:\/\/paripesa-ghana.com\/fr-bj\/ice-hockey\/","og_locale":"fr_FR","og_type":"article","og_url":"https:\/\/paripesa-ghana.com\/fr-bj\/ice-hockey\/","article_modified_time":"2025-08-14T08:11:52+00:00","og_image":[{"url":"https:\/\/paripesa-ghana.com\/wp-content\/uploads\/2025\/08\/paripesa-benin-hockey-rules-tips.png"}],"twitter_misc":{"Est. reading time":"4 minutes"},"schema":{"@context":"https:\/\/schema.org","@graph":[{"@type":"WebPage","@id":"https:\/\/paripesa-ghana.com\/fr-bj\/ice-hockey\/","url":"https:\/\/paripesa-ghana.com\/fr-bj\/ice-hockey\/","name":"PariPesa Benin \u2013 Guide pour parier sur le hockey sur glace","isPartOf":{"@id":"https:\/\/paripesa-ghana.com\/#website"},"primaryImageOfPage":{"@id":"https:\/\/paripesa-ghana.com\/fr-bj\/ice-hockey\/#primaryimage"},"image":{"@id":"https:\/\/paripesa-ghana.com\/fr-bj\/ice-hockey\/#primaryimage"},"thumbnailUrl":"https:\/\/paripesa-ghana.com\/wp-content\/uploads\/2025\/08\/paripesa-benin-hockey-rules-tips.png","datePublished":"2025-06-03T13:39:08+00:00","dateModified":"2025-08-14T08:11:52+00:00","description":"Apprenez avec PariPesa Benin comment commencer \u00e0 parier sur le hockey sur glace. D\u00e9couvrez \u00e9tapes, astuces et march\u00e9s pour maximiser vos gains.","breadcrumb":{"@id":"https:\/\/paripesa-ghana.com\/fr-bj\/ice-hockey\/#breadcrumb"},"inLanguage":"fr-BJ","potentialAction":[{"@type":"ReadAction","target":["https:\/\/paripesa-ghana.com\/fr-bj\/ice-hockey\/"]}]},{"@type":"ImageObject","inLanguage":"fr-BJ","@id":"https:\/\/paripesa-ghana.com\/fr-bj\/ice-hockey\/#primaryimage","url":"https:\/\/paripesa-ghana.com\/wp-content\/uploads\/2025\/08\/paripesa-benin-hockey-rules-tips.png","contentUrl":"https:\/\/paripesa-ghana.com\/wp-content\/uploads\/2025\/08\/paripesa-benin-hockey-rules-tips.png"},{"@type":"BreadcrumbList","@id":"https:\/\/paripesa-ghana.com\/fr-bj\/ice-hockey\/#breadcrumb","itemListElement":[{"@type":"ListItem","position":1,"name":"Paripesa","item":"https:\/\/paripesa-ghana.com\/fr-bj\/"},{"@type":"ListItem","position":2,"name":"Ice Hockey"}]},{"@type":"WebSite","@id":"https:\/\/paripesa-ghana.com\/#website","url":"https:\/\/paripesa-ghana.com\/","name":"","description":"","potentialAction":[{"@type":"SearchAction","target":{"@type":"EntryPoint","urlTemplate":"https:\/\/paripesa-ghana.com\/?s={search_term_string}"},"query-input":"required name=search_term_string"}],"inLanguage":"fr-BJ"}]}},"_links":{"self":[{"href":"https:\/\/paripesa-ghana.com\/fr-bj\/wp-json\/wp\/v2\/pages\/2178","targetHints":{"allow":["GET"]}}],"collection":[{"href":"https:\/\/paripesa-ghana.com\/fr-bj\/wp-json\/wp\/v2\/pages"}],"about":[{"href":"https:\/\/paripesa-ghana.com\/fr-bj\/wp-json\/wp\/v2\/types\/page"}],"author":[{"embeddable":true,"href":"https:\/\/paripesa-ghana.com\/fr-bj\/wp-json\/wp\/v2\/users\/1"}],"replies":[{"embeddable":true,"href":"https:\/\/paripesa-ghana.com\/fr-bj\/wp-json\/wp\/v2\/comments?post=2178"}],"version-history":[{"count":4,"href":"https:\/\/paripesa-ghana.com\/fr-bj\/wp-json\/wp\/v2\/pages\/2178\/revisions"}],"predecessor-version":[{"id":2212,"href":"https:\/\/paripesa-ghana.com\/fr-bj\/wp-json\/wp\/v2\/pages\/2178\/revisions\/2212"}],"wp:attachment":[{"href":"https:\/\/paripesa-ghana.com\/fr-bj\/wp-json\/wp\/v2\/media?parent=2178"}],"curies":[{"name":"wp","href":"https:\/\/api.w.org\/{rel}","templated":true}]}}